{"id":3830,"date":"2025-12-04T11:06:20","date_gmt":"2025-12-04T11:06:20","guid":{"rendered":"https:\/\/www.losarcosdellaurel.com\/gracias\/"},"modified":"2026-02-24T11:02:28","modified_gmt":"2026-02-24T11:02:28","slug":"gracias","status":"publish","type":"page","link":"https:\/\/www.losarcosdellaurel.com\/es\/gracias\/","title":{"rendered":"Gracias"},"content":{"rendered":"\t\t<div data-elementor-type=\"wp-page\" data-elementor-id=\"3830\" class=\"elementor elementor-3830 elementor-3813\" data-elementor-post-type=\"page\">\n\t\t\t\t<div class=\"elementor-element elementor-element-d94eb03 e-con-full e-flex e-con e-parent\" data-id=\"d94eb03\" data-element_type=\"container\" data-e-type=\"container\" data-settings=\"{&quot;background_background&quot;:&quot;classic&quot;,&quot;jet_parallax_layout_list&quot;:[]}\">\n\t\t\t\t<div class=\"elementor-element elementor-element-581b8fa elementor-widget-mobile__width-inherit elementor-widget elementor-widget-heading\" data-id=\"581b8fa\" data-element_type=\"widget\" data-e-type=\"widget\" data-widget_type=\"heading.default\">\n\t\t\t\t<div class=\"elementor-widget-container\">\n\t\t\t\t\t<h1 class=\"elementor-heading-title elementor-size-default\">Gracias por su pre-reserva<\/h1>\t\t\t\t<\/div>\n\t\t\t\t<\/div>\n\t\t\t\t<div class=\"elementor-element elementor-element-12258e7 elementor-widget elementor-widget-heading\" data-id=\"12258e7\" data-element_type=\"widget\" data-e-type=\"widget\" data-widget_type=\"heading.default\">\n\t\t\t\t<div class=\"elementor-widget-container\">\n\t\t\t\t\t<h2 class=\"elementor-heading-title elementor-size-default\">Hemos recibido tu solicitud. En unos instantes recibir\u00e1s un correo electr\u00f3nico con los siguientes pasos a seguir. <\/h2>\t\t\t\t<\/div>\n\t\t\t\t<\/div>\n\t\t<div class=\"elementor-element elementor-element-a0b3ec1 e-con-full e-flex e-con e-child\" data-id=\"a0b3ec1\" data-element_type=\"container\" data-e-type=\"container\" data-settings=\"{&quot;jet_parallax_layout_list&quot;:[]}\">\n\t\t<div class=\"elementor-element elementor-element-a3fd20d e-con-full e-flex e-con e-child\" data-id=\"a3fd20d\" data-element_type=\"container\" data-e-type=\"container\" data-settings=\"{&quot;jet_parallax_layout_list&quot;:[]}\">\n\t\t\t\t<div class=\"elementor-element elementor-element-e7edfdf elementor-widget elementor-widget-text-editor\" data-id=\"e7edfdf\" data-element_type=\"widget\" data-e-type=\"widget\" data-widget_type=\"text-editor.default\">\n\t\t\t\t<div class=\"elementor-widget-container\">\n\t\t\t\t\t\t\t\t\t<p data-start=\"416\" data-end=\"633\">En Los Arcos del Laurel te alojar\u00e1s en una aut\u00e9ntica casa rural canaria, rodeada de bosques, \u00e1rboles frutales y senderos que parten directamente de la finca. Aqu\u00ed, el silencio es real y la naturaleza est\u00e1 siempre cerca. <\/p><p data-start=\"635\" data-end=\"800\">Nuestras casas combinan cuevas naturales y arcos de piedra con lo esencial de hoy en d\u00eda: una cama c\u00f3moda, una cocina bien equipada, una buena ducha y total privacidad entre las casas.<\/p><p data-start=\"802\" data-end=\"1045\">Todo est\u00e1 dise\u00f1ado para que desconectes de verdad, con tranquilidad y sin pretensiones. A 800 metros sobre el nivel del mar, en el coraz\u00f3n de Gran Canaria, encontrar\u00e1s un entorno ecol\u00f3gico donde el tiempo se ralentiza y cada detalle te invita al descanso. <\/p>\t\t\t\t\t\t\t\t<\/div>\n\t\t\t\t<\/div>\n\t\t\t\t<div class=\"elementor-element elementor-element-3872d10 elementor-icon-list--layout-inline elementor-mobile-align-start elementor-list-item-link-full_width elementor-widget elementor-widget-icon-list\" data-id=\"3872d10\" data-element_type=\"widget\" data-e-type=\"widget\" data-widget_type=\"icon-list.default\">\n\t\t\t\t<div class=\"elementor-widget-container\">\n\t\t\t\t\t\t\t<ul class=\"elementor-icon-list-items elementor-inline-items\">\n\t\t\t\t\t\t\t<li class=\"elementor-icon-list-item elementor-inline-item\">\n\t\t\t\t\t\t\t\t\t\t\t<span class=\"elementor-icon-list-icon\">\n\t\t\t\t\t\t\t<svg aria-hidden=\"true\" class=\"e-font-icon-svg e-fab-whatsapp\" viewBox=\"0 0 448 512\" xmlns=\"http:\/\/www.w3.org\/2000\/svg\"><path d=\"M380.9 97.1C339 55.1 283.2 32 223.9 32c-122.4 0-222 99.6-222 222 0 39.1 10.2 77.3 29.6 111L0 480l117.7-30.9c32.4 17.7 68.9 27 106.1 27h.1c122.3 0 224.1-99.6 224.1-222 0-59.3-25.2-115-67.1-157zm-157 341.6c-33.2 0-65.7-8.9-94-25.7l-6.7-4-69.8 18.3L72 359.2l-4.4-7c-18.5-29.4-28.2-63.3-28.2-98.2 0-101.7 82.8-184.5 184.6-184.5 49.3 0 95.6 19.2 130.4 54.1 34.8 34.9 56.2 81.2 56.1 130.5 0 101.8-84.9 184.6-186.6 184.6zm101.2-138.2c-5.5-2.8-32.8-16.2-37.9-18-5.1-1.9-8.8-2.8-12.5 2.8-3.7 5.6-14.3 18-17.6 21.8-3.2 3.7-6.5 4.2-12 1.4-32.6-16.3-54-29.1-75.5-66-5.7-9.8 5.7-9.1 16.3-30.3 1.8-3.7.9-6.9-.5-9.7-1.4-2.8-12.5-30.1-17.1-41.2-4.5-10.8-9.1-9.3-12.5-9.5-3.2-.2-6.9-.2-10.6-.2-3.7 0-9.7 1.4-14.8 6.9-5.1 5.6-19.4 19-19.4 46.3 0 27.3 19.9 53.7 22.6 57.4 2.8 3.7 39.1 59.7 94.8 83.8 35.2 15.2 49 16.5 66.6 13.9 10.7-1.6 32.8-13.4 37.4-26.4 4.6-13 4.6-24.1 3.2-26.4-1.3-2.5-5-3.9-10.5-6.6z\"><\/path><\/svg>\t\t\t\t\t\t<\/span>\n\t\t\t\t\t\t\t\t\t\t<span class=\"elementor-icon-list-text\">+34 679 091 586<\/span>\n\t\t\t\t\t\t\t\t\t<\/li>\n\t\t\t\t\t\t\t\t<li class=\"elementor-icon-list-item elementor-inline-item\">\n\t\t\t\t\t\t\t\t\t\t\t<span class=\"elementor-icon-list-icon\">\n\t\t\t\t\t\t\t<svg aria-hidden=\"true\" class=\"e-font-icon-svg e-fas-paper-plane\" viewBox=\"0 0 512 512\" xmlns=\"http:\/\/www.w3.org\/2000\/svg\"><path d=\"M476 3.2L12.5 270.6c-18.1 10.4-15.8 35.6 2.2 43.2L121 358.4l287.3-253.2c5.5-4.9 13.3 2.6 8.6 8.3L176 407v80.5c0 23.6 28.5 32.9 42.5 15.8L282 426l124.6 52.2c14.2 6 30.4-2.9 33-18.2l72-432C515 7.8 493.3-6.8 476 3.2z\"><\/path><\/svg>\t\t\t\t\t\t<\/span>\n\t\t\t\t\t\t\t\t\t\t<span class=\"elementor-icon-list-text\">info@losarcosdellaurel.com<\/span>\n\t\t\t\t\t\t\t\t\t<\/li>\n\t\t\t\t\t\t<\/ul>\n\t\t\t\t\t\t<\/div>\n\t\t\t\t<\/div>\n\t\t\t\t<\/div>\n\t\t<div class=\"elementor-element elementor-element-24cfb4e e-con-full e-flex e-con e-child\" data-id=\"24cfb4e\" data-element_type=\"container\" data-e-type=\"container\" data-settings=\"{&quot;jet_parallax_layout_list&quot;:[]}\">\n\t\t\t\t<div class=\"elementor-element elementor-element-ae03c55 elementor-widget elementor-widget-text-editor\" data-id=\"ae03c55\" data-element_type=\"widget\" data-e-type=\"widget\" data-widget_type=\"text-editor.default\">\n\t\t\t\t<div class=\"elementor-widget-container\">\n\t\t\t\t\t\t\t\t\t<p data-start=\"416\" data-end=\"633\"><strong>Estas son las normas de la casa para ayudar a mantener la finca tranquila y c\u00f3moda para todos. Son sencillas y est\u00e1n pensadas para que tu estancia sea f\u00e1cil y tranquila. <\/strong><\/p><ul><li data-start=\"255\" data-end=\"284\">Solo las personas que figuran en la reserva pueden alojarse en la propiedad.<\/li><li data-start=\"255\" data-end=\"284\">Silencio desde las 22:00 hasta las 9:00.<\/li><li data-start=\"255\" data-end=\"284\">No se permiten fiestas ni reuniones ruidosas.<\/li><li data-start=\"255\" data-end=\"284\">No se admiten mascotas.<\/li><li data-start=\"255\" data-end=\"284\">Respetar el entorno natural y las zonas comunes de la finca.<\/li><li data-start=\"255\" data-end=\"284\">Solo se permite fumar en zonas al aire libre y lejos de puertas o ventanas.<br>Solo se admiten visitantes con previo aviso.<\/li><li data-start=\"255\" data-end=\"284\">Mantenga la casa limpia y deje los platos lavados antes de la salida.<\/li><li data-start=\"255\" data-end=\"284\">Deseche los residuos en los contenedores designados.<\/li><li data-start=\"255\" data-end=\"284\">Aparcar solo en las zonas se\u00f1alizadas.<br>Informar de cualquier da\u00f1o o problema lo antes posible.<\/li><\/ul>\t\t\t\t\t\t\t\t<\/div>\n\t\t\t\t<\/div>\n\t\t\t\t<\/div>\n\t\t\t\t<\/div>\n\t\t\t\t<\/div>\n\t\t\t\t<\/div>\n\t\t","protected":false},"excerpt":{"rendered":"<p>Gracias por su pre-reserva Hemos recibido tu solicitud. En unos instantes recibir\u00e1s un correo electr\u00f3nico con los siguientes pasos a seguir. En Los Arcos del Laurel te alojar\u00e1s en una aut\u00e9ntica casa rural canaria, rodeada de bosques, \u00e1rboles frutales y senderos que parten directamente de la finca. Aqu\u00ed, el silencio es real y la naturaleza [&hellip;]<\/p>\n","protected":false},"author":3,"featured_media":0,"parent":0,"menu_order":0,"comment_status":"closed","ping_status":"closed","template":"elementor_header_footer","meta":{"footnotes":""},"class_list":["post-3830","page","type-page","status-publish","hentry"],"_links":{"self":[{"href":"https:\/\/www.losarcosdellaurel.com\/es\/wp-json\/wp\/v2\/pages\/3830","targetHints":{"allow":["GET"]}}],"collection":[{"href":"https:\/\/www.losarcosdellaurel.com\/es\/wp-json\/wp\/v2\/pages"}],"about":[{"href":"https:\/\/www.losarcosdellaurel.com\/es\/wp-json\/wp\/v2\/types\/page"}],"author":[{"embeddable":true,"href":"https:\/\/www.losarcosdellaurel.com\/es\/wp-json\/wp\/v2\/users\/3"}],"replies":[{"embeddable":true,"href":"https:\/\/www.losarcosdellaurel.com\/es\/wp-json\/wp\/v2\/comments?post=3830"}],"version-history":[{"count":0,"href":"https:\/\/www.losarcosdellaurel.com\/es\/wp-json\/wp\/v2\/pages\/3830\/revisions"}],"wp:attachment":[{"href":"https:\/\/www.losarcosdellaurel.com\/es\/wp-json\/wp\/v2\/media?parent=3830"}],"curies":[{"name":"wp","href":"https:\/\/api.w.org\/{rel}","templated":true}]}}